{"id":1385,"date":"2019-04-02T12:43:26","date_gmt":"2019-04-02T12:43:26","guid":{"rendered":"http:\/\/mojowallet.hu\/tesztoldal\/?page_id=1385"},"modified":"2019-08-12T20:22:57","modified_gmt":"2019-08-12T20:22:57","slug":"graphic-recording","status":"publish","type":"page","link":"https:\/\/remarker.eu\/index.php\/graphic-recording\/","title":{"rendered":"Graphic Recording"},"content":{"rendered":"\t\t<div data-elementor-type=\"wp-post\" data-elementor-id=\"1385\" class=\"elementor elementor-1385\">\n\t\t\t\t\t\t<div class=\"elementor-inner\">\n\t\t\t\t<div class=\"elementor-section-wrap\">\n\t\t\t\t\t\t\t\t\t<section class=\"elementor-section elementor-top-section elementor-element elementor-element-3e9ef56 elementor-section-height-min-height elementor-section-boxed elementor-section-height-default elementor-section-items-middle\" data-id=\"3e9ef56\" data-element_type=\"section\" data-settings=\"{&quot;background_background&quot;:&quot;classic&quot;}\">\n\t\t\t\t\t\t\t<div class=\"elementor-background-overlay\"><\/div>\n\t\t\t\t\t\t\t<div class=\"elementor-container elementor-column-gap-default\">\n\t\t\t\t\t\t\t<div class=\"elementor-row\">\n\t\t\t\t\t<div class=\"elementor-column elementor-col-100 elementor-top-column elementor-element elementor-element-a1b5139\" data-id=\"a1b5139\" data-element_type=\"column\">\n\t\t\t<div class=\"elementor-column-wrap elementor-element-populated\">\n\t\t\t\t\t\t\t<div class=\"elementor-widget-wrap\">\n\t\t\t\t\t\t<div class=\"elementor-element elementor-element-d945390 animated-slow elementor-invisible elementor-widget elementor-widget-heading\" data-id=\"d945390\" data-element_type=\"widget\" data-settings=\"{&quot;_animation&quot;:&quot;fadeIn&quot;}\" data-widget_type=\"heading.default\">\n\t\t\t\t<div class=\"elementor-widget-container\">\n\t\t\t<h1 class=\"elementor-heading-title elementor-size-default\">Graphic Recording<\/h1>\t\t<\/div>\n\t\t\t\t<\/div>\n\t\t\t\t<div class=\"elementor-element elementor-element-9f7d37e elementor-widget-divider--view-line elementor-widget elementor-widget-divider\" data-id=\"9f7d37e\" data-element_type=\"widget\" data-widget_type=\"divider.default\">\n\t\t\t\t<div class=\"elementor-widget-container\">\n\t\t\t\t\t<div class=\"elementor-divider\">\n\t\t\t<span class=\"elementor-divider-separator\">\n\t\t\t\t\t\t<\/span>\n\t\t<\/div>\n\t\t\t\t<\/div>\n\t\t\t\t<\/div>\n\t\t\t\t<section class=\"elementor-section elementor-inner-section elementor-element elementor-element-d673fa0 elementor-section-boxed elementor-section-height-default elementor-section-height-default\" data-id=\"d673fa0\" data-element_type=\"section\">\n\t\t\t\t\t\t<div class=\"elementor-container elementor-column-gap-default\">\n\t\t\t\t\t\t\t<div class=\"elementor-row\">\n\t\t\t\t\t<div class=\"elementor-column elementor-col-50 elementor-inner-column elementor-element elementor-element-ebcc91e\" data-id=\"ebcc91e\" data-element_type=\"column\">\n\t\t\t<div class=\"elementor-column-wrap elementor-element-populated\">\n\t\t\t\t\t\t\t<div class=\"elementor-widget-wrap\">\n\t\t\t\t\t\t<div class=\"elementor-element elementor-element-1c252a7 animated-slow elementor-widget elementor-widget-heading\" data-id=\"1c252a7\" data-element_type=\"widget\" data-settings=\"{&quot;_animation&quot;:&quot;none&quot;}\" data-widget_type=\"heading.default\">\n\t\t\t\t<div class=\"elementor-widget-container\">\n\t\t\t<h2 class=\"elementor-heading-title elementor-size-default\">Translating verbal language into powerful images<\/h2>\t\t<\/div>\n\t\t\t\t<\/div>\n\t\t\t\t<div class=\"elementor-element elementor-element-3cb7968 elementor-hidden-desktop elementor-widget elementor-widget-image\" data-id=\"3cb7968\" data-element_type=\"widget\" data-widget_type=\"image.default\">\n\t\t\t\t<div class=\"elementor-widget-container\">\n\t\t\t\t\t\t\t\t<div class=\"elementor-image\">\n\t\t\t\t\t\t\t\t\t\t\t\t<img decoding=\"async\" width=\"1000\" height=\"1000\" src=\"https:\/\/remarker.eu\/wp-content\/uploads\/2019\/04\/live-scribing.jpg\" class=\"attachment-full size-full wp-image-1517\" alt=\"\" srcset=\"https:\/\/remarker.eu\/wp-content\/uploads\/2019\/04\/live-scribing.jpg 1000w, https:\/\/remarker.eu\/wp-content\/uploads\/2019\/04\/live-scribing-150x150.jpg 150w, https:\/\/remarker.eu\/wp-content\/uploads\/2019\/04\/live-scribing-300x300.jpg 300w, https:\/\/remarker.eu\/wp-content\/uploads\/2019\/04\/live-scribing-768x768.jpg 768w\" sizes=\"(max-width: 1000px) 100vw, 1000px\" \/>\t\t\t\t\t\t\t\t\t\t\t\t\t\t<\/div>\n\t\t\t\t\t\t<\/div>\n\t\t\t\t<\/div>\n\t\t\t\t<div class=\"elementor-element elementor-element-aef07b2 elementor-invisible elementor-widget elementor-widget-text-editor\" data-id=\"aef07b2\" data-element_type=\"widget\" data-settings=\"{&quot;_animation&quot;:&quot;fadeIn&quot;}\" data-widget_type=\"text-editor.default\">\n\t\t\t\t<div class=\"elementor-widget-container\">\n\t\t\t\t\t\t\t\t<div class=\"elementor-text-editor elementor-clearfix\">\n\t\t\t\t<p><b>Live scribing or graphic recording<\/b><span style=\"font-weight: 400;\"> is a visual tool that can effectively support any process where people share ideas, thoughts and information.<\/span><\/p><p><span style=\"font-weight: 400;\">We listen to <\/span><span style=\"font-weight: 400;\">the<\/span><span style=\"font-weight: 400;\"> speakers and capture the essence of their talks on our large-scale visual notes &#8211; a powerful way of engaging your audience! \u00a0<\/span><\/p><p><span style=\"font-weight: 400;\">For most <\/span><span style=\"font-weight: 400;\">people<\/span><span style=\"font-weight: 400;\"> it is easier to understand and recall things that are linked to a visual experience so our notes are not only fun to look at <\/span><span style=\"font-weight: 400;\">but they also help understand the message and remember what was said.<\/span><\/p><p><span style=\"font-weight: 400;\">After the event we digitalize the visual notes so that you can easily review and share them with the participants. Moreover, they can serve as a basis for further discussion.<\/span><\/p><p><span style=\"font-weight: 400;\">What\u2019s more we also do <\/span><b>digital scribing! <\/b><span style=\"font-weight: 400;\">We capture the content on a tablet that you can either share on screen or on social media real-time or after the event. This way you can engage people not only on the spot but also online with an exciting, continuously unfolding content.<\/span><\/p><p><span style=\"font-weight: 400;\">We are available to work with you not only at conferences but also at company meetings such as strategic planning or team building with small or large groups.<\/span><\/p>\t\t\t\t\t<\/div>\n\t\t\t\t\t\t<\/div>\n\t\t\t\t<\/div>\n\t\t\t\t\t\t<\/div>\n\t\t\t\t\t<\/div>\n\t\t<\/div>\n\t\t\t\t<div class=\"elementor-column elementor-col-50 elementor-inner-column elementor-element elementor-element-a351e4f elementor-hidden-phone\" data-id=\"a351e4f\" data-element_type=\"column\">\n\t\t\t<div class=\"elementor-column-wrap elementor-element-populated\">\n\t\t\t\t\t\t\t<div class=\"elementor-widget-wrap\">\n\t\t\t\t\t\t<div class=\"elementor-element elementor-element-ad4bf9c elementor-widget elementor-widget-image\" data-id=\"ad4bf9c\" data-element_type=\"widget\" data-widget_type=\"image.default\">\n\t\t\t\t<div class=\"elementor-widget-container\">\n\t\t\t\t\t\t\t\t<div class=\"elementor-image\">\n\t\t\t\t\t\t\t\t\t\t\t\t<img decoding=\"async\" width=\"1000\" height=\"1000\" src=\"https:\/\/remarker.eu\/wp-content\/uploads\/2019\/04\/live-scribing.jpg\" class=\"attachment-full size-full wp-image-1517\" alt=\"\" srcset=\"https:\/\/remarker.eu\/wp-content\/uploads\/2019\/04\/live-scribing.jpg 1000w, https:\/\/remarker.eu\/wp-content\/uploads\/2019\/04\/live-scribing-150x150.jpg 150w, https:\/\/remarker.eu\/wp-content\/uploads\/2019\/04\/live-scribing-300x300.jpg 300w, https:\/\/remarker.eu\/wp-content\/uploads\/2019\/04\/live-scribing-768x768.jpg 768w\" sizes=\"(max-width: 1000px) 100vw, 1000px\" \/>\t\t\t\t\t\t\t\t\t\t\t\t\t\t<\/div>\n\t\t\t\t\t\t<\/div>\n\t\t\t\t<\/div>\n\t\t\t\t\t\t<\/div>\n\t\t\t\t\t<\/div>\n\t\t<\/div>\n\t\t\t\t\t\t\t\t<\/div>\n\t\t\t\t\t<\/div>\n\t\t<\/section>\n\t\t\t\t<div class=\"elementor-element elementor-element-e2c1013 elementor-align-center elementor-widget elementor-widget-global elementor-global-3226 elementor-widget-button\" data-id=\"e2c1013\" data-element_type=\"widget\" data-widget_type=\"button.default\">\n\t\t\t\t<div class=\"elementor-widget-container\">\n\t\t\t\t\t<div class=\"elementor-button-wrapper\">\n\t\t\t<a href=\"#elementor-action%3Aaction%3Dpopup%3Aopen%26settings%3DeyJpZCI6IjMyMDgiLCJ0b2dnbGUiOmZhbHNlfQ%3D%3D\" class=\"elementor-button-link elementor-button elementor-size-sm\" role=\"button\">\n\t\t\t\t\t\t<span class=\"elementor-button-content-wrapper\">\n\t\t\t\t\t\t<span class=\"elementor-button-text\">I\u2019m interested let\u2019s talk!<\/span>\n\t\t<\/span>\n\t\t\t\t\t<\/a>\n\t\t<\/div>\n\t\t\t\t<\/div>\n\t\t\t\t<\/div>\n\t\t\t\t\t\t<\/div>\n\t\t\t\t\t<\/div>\n\t\t<\/div>\n\t\t\t\t\t\t\t\t<\/div>\n\t\t\t\t\t<\/div>\n\t\t<\/section>\n\t\t\t\t<section class=\"elementor-section elementor-top-section elementor-element elementor-element-482b5911 elementor-section-boxed elementor-section-height-default elementor-section-height-default\" data-id=\"482b5911\" data-element_type=\"section\">\n\t\t\t\t\t\t<div class=\"elementor-container elementor-column-gap-default\">\n\t\t\t\t\t\t\t<div class=\"elementor-row\">\n\t\t\t\t\t<div class=\"elementor-column elementor-col-100 elementor-top-column elementor-element elementor-element-166a6c40\" data-id=\"166a6c40\" data-element_type=\"column\">\n\t\t\t<div class=\"elementor-column-wrap elementor-element-populated\">\n\t\t\t\t\t\t\t<div class=\"elementor-widget-wrap\">\n\t\t\t\t\t\t<div class=\"elementor-element elementor-element-319e0067 elementor-widget elementor-widget-heading\" data-id=\"319e0067\" data-element_type=\"widget\" data-widget_type=\"heading.default\">\n\t\t\t\t<div class=\"elementor-widget-container\">\n\t\t\t<h4 class=\"elementor-heading-title elementor-size-default\">OUR GRAPHIC RECORDING WORK<\/h4>\t\t<\/div>\n\t\t\t\t<\/div>\n\t\t\t\t<div class=\"elementor-element elementor-element-436e63da elementor-widget-divider--view-line elementor-widget elementor-widget-global elementor-global-1398 elementor-widget-divider\" data-id=\"436e63da\" data-element_type=\"widget\" data-widget_type=\"divider.default\">\n\t\t\t\t<div class=\"elementor-widget-container\">\n\t\t\t\t\t<div class=\"elementor-divider\">\n\t\t\t<span class=\"elementor-divider-separator\">\n\t\t\t\t\t\t<\/span>\n\t\t<\/div>\n\t\t\t\t<\/div>\n\t\t\t\t<\/div>\n\t\t\t\t\t\t<\/div>\n\t\t\t\t\t<\/div>\n\t\t<\/div>\n\t\t\t\t\t\t\t\t<\/div>\n\t\t\t\t\t<\/div>\n\t\t<\/section>\n\t\t\t\t<section class=\"elementor-section elementor-top-section elementor-element elementor-element-83946e0 elementor-section-boxed elementor-section-height-default elementor-section-height-default\" data-id=\"83946e0\" data-element_type=\"section\">\n\t\t\t\t\t\t<div class=\"elementor-container elementor-column-gap-default\">\n\t\t\t\t\t\t\t<div class=\"elementor-row\">\n\t\t\t\t\t<div class=\"elementor-column elementor-col-100 elementor-top-column elementor-element elementor-element-929d223\" data-id=\"929d223\" data-element_type=\"column\">\n\t\t\t<div class=\"elementor-column-wrap elementor-element-populated\">\n\t\t\t\t\t\t\t<div class=\"elementor-widget-wrap\">\n\t\t\t\t\t\t<div class=\"elementor-element elementor-element-10f62a0 elementor-widget elementor-widget-image\" data-id=\"10f62a0\" data-element_type=\"widget\" data-widget_type=\"image.default\">\n\t\t\t\t<div class=\"elementor-widget-container\">\n\t\t\t\t\t\t\t\t<div class=\"elementor-image\">\n\t\t\t\t\t\t\t\t\t\t\t\t<img decoding=\"async\" width=\"150\" height=\"150\" src=\"https:\/\/remarker.eu\/wp-content\/uploads\/2019\/04\/remarker-facebook_profil_00bab8-150x150.png\" class=\"attachment-thumbnail size-thumbnail wp-image-1493\" alt=\"\" srcset=\"https:\/\/remarker.eu\/wp-content\/uploads\/2019\/04\/remarker-facebook_profil_00bab8-150x150.png 150w, https:\/\/remarker.eu\/wp-content\/uploads\/2019\/04\/remarker-facebook_profil_00bab8-300x300.png 300w, https:\/\/remarker.eu\/wp-content\/uploads\/2019\/04\/remarker-facebook_profil_00bab8.png 360w\" sizes=\"(max-width: 150px) 100vw, 150px\" \/>\t\t\t\t\t\t\t\t\t\t\t\t\t\t<\/div>\n\t\t\t\t\t\t<\/div>\n\t\t\t\t<\/div>\n\t\t\t\t<div class=\"elementor-element elementor-element-a6e5f93 elementor-widget elementor-widget-image\" data-id=\"a6e5f93\" data-element_type=\"widget\" data-widget_type=\"image.default\">\n\t\t\t\t<div class=\"elementor-widget-container\">\n\t\t\t\t\t\t\t\t<div class=\"elementor-image\">\n\t\t\t\t\t\t\t\t\t\t\t\t<img decoding=\"async\" width=\"300\" height=\"71\" src=\"https:\/\/remarker.eu\/wp-content\/uploads\/2019\/04\/remarker_02_00bab8-300x71.png\" class=\"attachment-medium size-medium wp-image-1492\" alt=\"\" srcset=\"https:\/\/remarker.eu\/wp-content\/uploads\/2019\/04\/remarker_02_00bab8-300x71.png 300w, https:\/\/remarker.eu\/wp-content\/uploads\/2019\/04\/remarker_02_00bab8-768x182.png 768w, https:\/\/remarker.eu\/wp-content\/uploads\/2019\/04\/remarker_02_00bab8.png 881w\" sizes=\"(max-width: 300px) 100vw, 300px\" \/>\t\t\t\t\t\t\t\t\t\t\t\t\t\t<\/div>\n\t\t\t\t\t\t<\/div>\n\t\t\t\t<\/div>\n\t\t\t\t\t\t<\/div>\n\t\t\t\t\t<\/div>\n\t\t<\/div>\n\t\t\t\t\t\t\t\t<\/div>\n\t\t\t\t\t<\/div>\n\t\t<\/section>\n\t\t\t\t<section class=\"elementor-section elementor-top-section elementor-element elementor-element-a062529 elementor-section-content-middle elementor-section-boxed elementor-section-height-default elementor-section-height-default\" data-id=\"a062529\" data-element_type=\"section\" data-settings=\"{&quot;background_background&quot;:&quot;classic&quot;}\">\n\t\t\t\t\t\t<div class=\"elementor-container elementor-column-gap-no\">\n\t\t\t\t\t\t\t<div class=\"elementor-row\">\n\t\t\t\t\t<div class=\"elementor-column elementor-col-100 elementor-top-column elementor-element elementor-element-718d2cd5\" data-id=\"718d2cd5\" data-element_type=\"column\">\n\t\t\t<div class=\"elementor-column-wrap elementor-element-populated\">\n\t\t\t\t\t\t\t<div class=\"elementor-widget-wrap\">\n\t\t\t\t\t\t<div class=\"elementor-element elementor-element-40a1d47a elementor-nav-menu__align-center elementor-hidden-tablet elementor-hidden-phone elementor-nav-menu--dropdown-tablet elementor-nav-menu__text-align-aside elementor-widget elementor-widget-nav-menu\" data-id=\"40a1d47a\" data-element_type=\"widget\" data-settings=\"{&quot;layout&quot;:&quot;horizontal&quot;,&quot;submenu_icon&quot;:{&quot;value&quot;:&quot;&lt;i class=\\&quot;fas fa-caret-down\\&quot;&gt;&lt;\\\/i&gt;&quot;,&quot;library&quot;:&quot;fa-solid&quot;}}\" data-widget_type=\"nav-menu.default\">\n\t\t\t\t<div class=\"elementor-widget-container\">\n\t\t\t\t\t\t<nav class=\"elementor-nav-menu--main elementor-nav-menu__container elementor-nav-menu--layout-horizontal e--pointer-none\">\n\t\t\t\t<ul id=\"menu-1-40a1d47a\" class=\"elementor-nav-menu\"><li class=\"menu-item menu-item-type-post_type menu-item-object-page menu-item-privacy-policy menu-item-3138\"><a href=\"https:\/\/remarker.eu\/index.php\/adatkezelesi-tajekoztato\/\" class=\"elementor-item\">Privacy Policy<\/a><\/li>\n<li class=\"menu-item menu-item-type-post_type menu-item-object-page menu-item-3145\"><a href=\"https:\/\/remarker.eu\/index.php\/aszf\/\" class=\"elementor-item\">Terms And Conditions<\/a><\/li>\n<\/ul>\t\t\t<\/nav>\n\t\t\t\t\t\t<nav class=\"elementor-nav-menu--dropdown elementor-nav-menu__container\" aria-hidden=\"true\">\n\t\t\t\t<ul id=\"menu-2-40a1d47a\" class=\"elementor-nav-menu\"><li class=\"menu-item menu-item-type-post_type menu-item-object-page menu-item-privacy-policy menu-item-3138\"><a href=\"https:\/\/remarker.eu\/index.php\/adatkezelesi-tajekoztato\/\" class=\"elementor-item\" tabindex=\"-1\">Privacy Policy<\/a><\/li>\n<li class=\"menu-item menu-item-type-post_type menu-item-object-page menu-item-3145\"><a href=\"https:\/\/remarker.eu\/index.php\/aszf\/\" class=\"elementor-item\" tabindex=\"-1\">Terms And Conditions<\/a><\/li>\n<\/ul>\t\t\t<\/nav>\n\t\t\t\t<\/div>\n\t\t\t\t<\/div>\n\t\t\t\t<div class=\"elementor-element elementor-element-72bac4e8 elementor-widget elementor-widget-heading\" data-id=\"72bac4e8\" data-element_type=\"widget\" data-widget_type=\"heading.default\">\n\t\t\t\t<div class=\"elementor-widget-container\">\n\t\t\t<div class=\"elementor-heading-title elementor-size-default\">Copyright 2019 \u00a9 All rights Reserved.<\/div>\t\t<\/div>\n\t\t\t\t<\/div>\n\t\t\t\t\t\t<\/div>\n\t\t\t\t\t<\/div>\n\t\t<\/div>\n\t\t\t\t\t\t\t\t<\/div>\n\t\t\t\t\t<\/div>\n\t\t<\/section>\n\t\t\t\t\t\t\t\t\t<\/div>\n\t\t\t<\/div>\n\t\t\t\t\t<\/div>\n\t\t","protected":false},"excerpt":{"rendered":"<p>Graphic Recording Translating verbal language into powerful images Live scribing or graphic recording is a visual tool that can effectively support any process where people share ideas, thoughts and information. We listen to the speakers and capture the essence of their talks on our large-scale visual notes &#8211; a powerful way of engaging your audience! [&hellip;]<\/p>\n","protected":false},"author":1,"featured_media":0,"parent":0,"menu_order":0,"comment_status":"closed","ping_status":"closed","template":"","meta":[],"yoast_head":"<!-- This site is optimized with the Yoast SEO plugin v20.4 - https:\/\/yoast.com\/wordpress\/plugins\/seo\/ -->\n<title>Graphic Recording - Remarker<\/title>\n<meta name=\"robots\" content=\"index, follow, max-snippet:-1, max-image-preview:large, max-video-preview:-1\" \/>\n<link rel=\"canonical\" href=\"https:\/\/remarker.eu\/index.php\/graphic-recording\/\" \/>\n<meta property=\"og:locale\" content=\"hu_HU\" \/>\n<meta property=\"og:type\" content=\"article\" \/>\n<meta property=\"og:title\" content=\"Graphic Recording - Remarker\" \/>\n<meta property=\"og:description\" content=\"Graphic Recording Translating verbal language into powerful images Live scribing or graphic recording is a visual tool that can effectively support any process where people share ideas, thoughts and information. We listen to the speakers and capture the essence of their talks on our large-scale visual notes &#8211; a powerful way of engaging your audience! [&hellip;]\" \/>\n<meta property=\"og:url\" content=\"https:\/\/remarker.eu\/index.php\/graphic-recording\/\" \/>\n<meta property=\"og:site_name\" content=\"Remarker\" \/>\n<meta property=\"article:publisher\" content=\"https:\/\/www.facebook.com\/remarker.eu\" \/>\n<meta property=\"article:modified_time\" content=\"2019-08-12T20:22:57+00:00\" \/>\n<meta property=\"og:image\" content=\"https:\/\/remarker.eu\/wp-content\/uploads\/2019\/04\/live-scribing.jpg\" \/>\n<meta name=\"twitter:card\" content=\"summary_large_image\" \/>\n<meta name=\"twitter:label1\" content=\"Becs\u00fclt olvas\u00e1si id\u0151\" \/>\n\t<meta name=\"twitter:data1\" content=\"2 perc\" \/>\n<script type=\"application\/ld+json\" class=\"yoast-schema-graph\">{\"@context\":\"https:\/\/schema.org\",\"@graph\":[{\"@type\":\"WebPage\",\"@id\":\"https:\/\/remarker.eu\/index.php\/graphic-recording\/\",\"url\":\"https:\/\/remarker.eu\/index.php\/graphic-recording\/\",\"name\":\"Graphic Recording - Remarker\",\"isPartOf\":{\"@id\":\"https:\/\/remarker.eu\/#website\"},\"datePublished\":\"2019-04-02T12:43:26+00:00\",\"dateModified\":\"2019-08-12T20:22:57+00:00\",\"breadcrumb\":{\"@id\":\"https:\/\/remarker.eu\/index.php\/graphic-recording\/#breadcrumb\"},\"inLanguage\":\"hu\",\"potentialAction\":[{\"@type\":\"ReadAction\",\"target\":[\"https:\/\/remarker.eu\/index.php\/graphic-recording\/\"]}]},{\"@type\":\"BreadcrumbList\",\"@id\":\"https:\/\/remarker.eu\/index.php\/graphic-recording\/#breadcrumb\",\"itemListElement\":[{\"@type\":\"ListItem\",\"position\":1,\"name\":\"Kezd\u0151lap\",\"item\":\"https:\/\/remarker.eu\/\"},{\"@type\":\"ListItem\",\"position\":2,\"name\":\"Graphic Recording\"}]},{\"@type\":\"WebSite\",\"@id\":\"https:\/\/remarker.eu\/#website\",\"url\":\"https:\/\/remarker.eu\/\",\"name\":\"Remarker\",\"description\":\"Graphic Recording\",\"publisher\":{\"@id\":\"https:\/\/remarker.eu\/#organization\"},\"potentialAction\":[{\"@type\":\"SearchAction\",\"target\":{\"@type\":\"EntryPoint\",\"urlTemplate\":\"https:\/\/remarker.eu\/?s={search_term_string}\"},\"query-input\":\"required name=search_term_string\"}],\"inLanguage\":\"hu\"},{\"@type\":\"Organization\",\"@id\":\"https:\/\/remarker.eu\/#organization\",\"name\":\"Remarker\",\"url\":\"https:\/\/remarker.eu\/\",\"logo\":{\"@type\":\"ImageObject\",\"inLanguage\":\"hu\",\"@id\":\"https:\/\/remarker.eu\/#\/schema\/logo\/image\/\",\"url\":\"https:\/\/remarker.eu\/wp-content\/uploads\/2019\/04\/cropped-remarker_02_00bab8-1.png\",\"contentUrl\":\"https:\/\/remarker.eu\/wp-content\/uploads\/2019\/04\/cropped-remarker_02_00bab8-1.png\",\"width\":881,\"height\":209,\"caption\":\"Remarker\"},\"image\":{\"@id\":\"https:\/\/remarker.eu\/#\/schema\/logo\/image\/\"},\"sameAs\":[\"https:\/\/www.facebook.com\/remarker.eu\",\"https:\/\/www.instagram.com\/remarker_eu\/\"]}]}<\/script>\n<!-- \/ Yoast SEO plugin. -->","yoast_head_json":{"title":"Graphic Recording - Remarker","robots":{"index":"index","follow":"follow","max-snippet":"max-snippet:-1","max-image-preview":"max-image-preview:large","max-video-preview":"max-video-preview:-1"},"canonical":"https:\/\/remarker.eu\/index.php\/graphic-recording\/","og_locale":"hu_HU","og_type":"article","og_title":"Graphic Recording - Remarker","og_description":"Graphic Recording Translating verbal language into powerful images Live scribing or graphic recording is a visual tool that can effectively support any process where people share ideas, thoughts and information. We listen to the speakers and capture the essence of their talks on our large-scale visual notes &#8211; a powerful way of engaging your audience! [&hellip;]","og_url":"https:\/\/remarker.eu\/index.php\/graphic-recording\/","og_site_name":"Remarker","article_publisher":"https:\/\/www.facebook.com\/remarker.eu","article_modified_time":"2019-08-12T20:22:57+00:00","og_image":[{"url":"https:\/\/remarker.eu\/wp-content\/uploads\/2019\/04\/live-scribing.jpg"}],"twitter_card":"summary_large_image","twitter_misc":{"Becs\u00fclt olvas\u00e1si id\u0151":"2 perc"},"schema":{"@context":"https:\/\/schema.org","@graph":[{"@type":"WebPage","@id":"https:\/\/remarker.eu\/index.php\/graphic-recording\/","url":"https:\/\/remarker.eu\/index.php\/graphic-recording\/","name":"Graphic Recording - Remarker","isPartOf":{"@id":"https:\/\/remarker.eu\/#website"},"datePublished":"2019-04-02T12:43:26+00:00","dateModified":"2019-08-12T20:22:57+00:00","breadcrumb":{"@id":"https:\/\/remarker.eu\/index.php\/graphic-recording\/#breadcrumb"},"inLanguage":"hu","potentialAction":[{"@type":"ReadAction","target":["https:\/\/remarker.eu\/index.php\/graphic-recording\/"]}]},{"@type":"BreadcrumbList","@id":"https:\/\/remarker.eu\/index.php\/graphic-recording\/#breadcrumb","itemListElement":[{"@type":"ListItem","position":1,"name":"Kezd\u0151lap","item":"https:\/\/remarker.eu\/"},{"@type":"ListItem","position":2,"name":"Graphic Recording"}]},{"@type":"WebSite","@id":"https:\/\/remarker.eu\/#website","url":"https:\/\/remarker.eu\/","name":"Remarker","description":"Graphic Recording","publisher":{"@id":"https:\/\/remarker.eu\/#organization"},"potentialAction":[{"@type":"SearchAction","target":{"@type":"EntryPoint","urlTemplate":"https:\/\/remarker.eu\/?s={search_term_string}"},"query-input":"required name=search_term_string"}],"inLanguage":"hu"},{"@type":"Organization","@id":"https:\/\/remarker.eu\/#organization","name":"Remarker","url":"https:\/\/remarker.eu\/","logo":{"@type":"ImageObject","inLanguage":"hu","@id":"https:\/\/remarker.eu\/#\/schema\/logo\/image\/","url":"https:\/\/remarker.eu\/wp-content\/uploads\/2019\/04\/cropped-remarker_02_00bab8-1.png","contentUrl":"https:\/\/remarker.eu\/wp-content\/uploads\/2019\/04\/cropped-remarker_02_00bab8-1.png","width":881,"height":209,"caption":"Remarker"},"image":{"@id":"https:\/\/remarker.eu\/#\/schema\/logo\/image\/"},"sameAs":["https:\/\/www.facebook.com\/remarker.eu","https:\/\/www.instagram.com\/remarker_eu\/"]}]}},"_links":{"self":[{"href":"https:\/\/remarker.eu\/index.php\/wp-json\/wp\/v2\/pages\/1385"}],"collection":[{"href":"https:\/\/remarker.eu\/index.php\/wp-json\/wp\/v2\/pages"}],"about":[{"href":"https:\/\/remarker.eu\/index.php\/wp-json\/wp\/v2\/types\/page"}],"author":[{"embeddable":true,"href":"https:\/\/remarker.eu\/index.php\/wp-json\/wp\/v2\/users\/1"}],"replies":[{"embeddable":true,"href":"https:\/\/remarker.eu\/index.php\/wp-json\/wp\/v2\/comments?post=1385"}],"version-history":[{"count":26,"href":"https:\/\/remarker.eu\/index.php\/wp-json\/wp\/v2\/pages\/1385\/revisions"}],"predecessor-version":[{"id":3243,"href":"https:\/\/remarker.eu\/index.php\/wp-json\/wp\/v2\/pages\/1385\/revisions\/3243"}],"wp:attachment":[{"href":"https:\/\/remarker.eu\/index.php\/wp-json\/wp\/v2\/media?parent=1385"}],"curies":[{"name":"wp","href":"https:\/\/api.w.org\/{rel}","templated":true}]}}