{"id":1483,"date":"2019-04-03T10:14:51","date_gmt":"2019-04-03T10:14:51","guid":{"rendered":"http:\/\/mojowallet.hu\/tesztoldal\/?page_id=1483"},"modified":"2019-08-12T20:20:15","modified_gmt":"2019-08-12T20:20:15","slug":"illustration","status":"publish","type":"page","link":"https:\/\/remarker.eu\/index.php\/illustration\/","title":{"rendered":"Illustration"},"content":{"rendered":"\t\t<div data-elementor-type=\"wp-post\" data-elementor-id=\"1483\" class=\"elementor elementor-1483\">\n\t\t\t\t\t\t<div class=\"elementor-inner\">\n\t\t\t\t<div class=\"elementor-section-wrap\">\n\t\t\t\t\t\t\t\t\t<section class=\"elementor-section elementor-top-section elementor-element elementor-element-3e9ef56 elementor-section-height-min-height elementor-section-boxed elementor-section-height-default elementor-section-items-middle\" data-id=\"3e9ef56\" data-element_type=\"section\" data-settings=\"{&quot;background_background&quot;:&quot;classic&quot;}\">\n\t\t\t\t\t\t\t<div class=\"elementor-background-overlay\"><\/div>\n\t\t\t\t\t\t\t<div class=\"elementor-container elementor-column-gap-default\">\n\t\t\t\t\t\t\t<div class=\"elementor-row\">\n\t\t\t\t\t<div class=\"elementor-column elementor-col-100 elementor-top-column elementor-element elementor-element-a1b5139\" data-id=\"a1b5139\" data-element_type=\"column\">\n\t\t\t<div class=\"elementor-column-wrap elementor-element-populated\">\n\t\t\t\t\t\t\t<div class=\"elementor-widget-wrap\">\n\t\t\t\t\t\t<div class=\"elementor-element elementor-element-d945390 animated-slow elementor-widget elementor-widget-heading\" data-id=\"d945390\" data-element_type=\"widget\" data-settings=\"{&quot;_animation&quot;:&quot;none&quot;}\" data-widget_type=\"heading.default\">\n\t\t\t\t<div class=\"elementor-widget-container\">\n\t\t\t<h1 class=\"elementor-heading-title elementor-size-default\">Illustration<\/h1>\t\t<\/div>\n\t\t\t\t<\/div>\n\t\t\t\t<div class=\"elementor-element elementor-element-9f7d37e elementor-widget-divider--view-line elementor-widget elementor-widget-divider\" data-id=\"9f7d37e\" data-element_type=\"widget\" data-widget_type=\"divider.default\">\n\t\t\t\t<div class=\"elementor-widget-container\">\n\t\t\t\t\t<div class=\"elementor-divider\">\n\t\t\t<span class=\"elementor-divider-separator\">\n\t\t\t\t\t\t<\/span>\n\t\t<\/div>\n\t\t\t\t<\/div>\n\t\t\t\t<\/div>\n\t\t\t\t<section class=\"elementor-section elementor-inner-section elementor-element elementor-element-d673fa0 elementor-section-boxed elementor-section-height-default elementor-section-height-default\" data-id=\"d673fa0\" data-element_type=\"section\">\n\t\t\t\t\t\t<div class=\"elementor-container elementor-column-gap-default\">\n\t\t\t\t\t\t\t<div class=\"elementor-row\">\n\t\t\t\t\t<div class=\"elementor-column elementor-col-50 elementor-inner-column elementor-element elementor-element-ebcc91e\" data-id=\"ebcc91e\" data-element_type=\"column\">\n\t\t\t<div class=\"elementor-column-wrap elementor-element-populated\">\n\t\t\t\t\t\t\t<div class=\"elementor-widget-wrap\">\n\t\t\t\t\t\t<div class=\"elementor-element elementor-element-1c252a7 animated-slow elementor-widget elementor-widget-heading\" data-id=\"1c252a7\" data-element_type=\"widget\" data-settings=\"{&quot;_animation&quot;:&quot;none&quot;}\" data-widget_type=\"heading.default\">\n\t\t\t\t<div class=\"elementor-widget-container\">\n\t\t\t<h2 class=\"elementor-heading-title elementor-size-default\">Clever graphics to absorb information at a glance<\/h2>\t\t<\/div>\n\t\t\t\t<\/div>\n\t\t\t\t<div class=\"elementor-element elementor-element-0fa28f3 elementor-hidden-desktop elementor-hidden-tablet elementor-widget elementor-widget-image\" data-id=\"0fa28f3\" data-element_type=\"widget\" data-widget_type=\"image.default\">\n\t\t\t\t<div class=\"elementor-widget-container\">\n\t\t\t\t\t\t\t\t<div class=\"elementor-image\">\n\t\t\t\t\t\t\t\t\t\t\t\t<img decoding=\"async\" width=\"1000\" height=\"1000\" src=\"https:\/\/remarker.eu\/wp-content\/uploads\/2019\/04\/illustration.jpg\" class=\"attachment-full size-full wp-image-1519\" alt=\"\" srcset=\"https:\/\/remarker.eu\/wp-content\/uploads\/2019\/04\/illustration.jpg 1000w, https:\/\/remarker.eu\/wp-content\/uploads\/2019\/04\/illustration-150x150.jpg 150w, https:\/\/remarker.eu\/wp-content\/uploads\/2019\/04\/illustration-300x300.jpg 300w, https:\/\/remarker.eu\/wp-content\/uploads\/2019\/04\/illustration-768x768.jpg 768w\" sizes=\"(max-width: 1000px) 100vw, 1000px\" \/>\t\t\t\t\t\t\t\t\t\t\t\t\t\t<\/div>\n\t\t\t\t\t\t<\/div>\n\t\t\t\t<\/div>\n\t\t\t\t<div class=\"elementor-element elementor-element-aef07b2 elementor-widget elementor-widget-text-editor\" data-id=\"aef07b2\" data-element_type=\"widget\" data-settings=\"{&quot;_animation&quot;:&quot;none&quot;}\" data-widget_type=\"text-editor.default\">\n\t\t\t\t<div class=\"elementor-widget-container\">\n\t\t\t\t\t\t\t\t<div class=\"elementor-text-editor elementor-clearfix\">\n\t\t\t\t<p><span style=\"font-weight: 400;\">Often a well-formed drawing can really help deliver the message next to, or even instead of complex graphs, long descriptions or never ending lists of items. This drawing can make a difficult topic easier to understand, it can bring the presentation to life or it can illustrate parts of the company newspaper articles.<\/span><\/p><p><span style=\"font-size: 18px; font-weight: 400;\">In case a message is too complicated, a mindmap or a short cartoon strip <\/span><span style=\"font-size: 18px; font-weight: 400;\">can \u00a0make<\/span><span style=\"font-size: 18px; font-weight: 400;\"> the complex connections visible. These can emphasize the main points with humour or in a serious tone but definitely outright and memorably.<\/span><\/p>\t\t\t\t\t<\/div>\n\t\t\t\t\t\t<\/div>\n\t\t\t\t<\/div>\n\t\t\t\t\t\t<\/div>\n\t\t\t\t\t<\/div>\n\t\t<\/div>\n\t\t\t\t<div class=\"elementor-column elementor-col-50 elementor-inner-column elementor-element elementor-element-a6efd1c elementor-hidden-phone\" data-id=\"a6efd1c\" data-element_type=\"column\">\n\t\t\t<div class=\"elementor-column-wrap elementor-element-populated\">\n\t\t\t\t\t\t\t<div class=\"elementor-widget-wrap\">\n\t\t\t\t\t\t<div class=\"elementor-element elementor-element-a615334 elementor-widget elementor-widget-image\" data-id=\"a615334\" data-element_type=\"widget\" data-widget_type=\"image.default\">\n\t\t\t\t<div class=\"elementor-widget-container\">\n\t\t\t\t\t\t\t\t<div class=\"elementor-image\">\n\t\t\t\t\t\t\t\t\t\t\t\t<img decoding=\"async\" width=\"1000\" height=\"1000\" src=\"https:\/\/remarker.eu\/wp-content\/uploads\/2019\/04\/illustration.jpg\" class=\"attachment-full size-full wp-image-1519\" alt=\"\" srcset=\"https:\/\/remarker.eu\/wp-content\/uploads\/2019\/04\/illustration.jpg 1000w, https:\/\/remarker.eu\/wp-content\/uploads\/2019\/04\/illustration-150x150.jpg 150w, https:\/\/remarker.eu\/wp-content\/uploads\/2019\/04\/illustration-300x300.jpg 300w, https:\/\/remarker.eu\/wp-content\/uploads\/2019\/04\/illustration-768x768.jpg 768w\" sizes=\"(max-width: 1000px) 100vw, 1000px\" \/>\t\t\t\t\t\t\t\t\t\t\t\t\t\t<\/div>\n\t\t\t\t\t\t<\/div>\n\t\t\t\t<\/div>\n\t\t\t\t\t\t<\/div>\n\t\t\t\t\t<\/div>\n\t\t<\/div>\n\t\t\t\t\t\t\t\t<\/div>\n\t\t\t\t\t<\/div>\n\t\t<\/section>\n\t\t\t\t<div class=\"elementor-element elementor-element-bf28f87 elementor-align-center elementor-widget elementor-widget-global elementor-global-3226 elementor-widget-button\" data-id=\"bf28f87\" data-element_type=\"widget\" data-widget_type=\"button.default\">\n\t\t\t\t<div class=\"elementor-widget-container\">\n\t\t\t\t\t<div class=\"elementor-button-wrapper\">\n\t\t\t<a href=\"#elementor-action%3Aaction%3Dpopup%3Aopen%26settings%3DeyJpZCI6IjMyMDgiLCJ0b2dnbGUiOmZhbHNlfQ%3D%3D\" class=\"elementor-button-link elementor-button elementor-size-sm\" role=\"button\">\n\t\t\t\t\t\t<span class=\"elementor-button-content-wrapper\">\n\t\t\t\t\t\t<span class=\"elementor-button-text\">I\u2019m interested let\u2019s talk!<\/span>\n\t\t<\/span>\n\t\t\t\t\t<\/a>\n\t\t<\/div>\n\t\t\t\t<\/div>\n\t\t\t\t<\/div>\n\t\t\t\t\t\t<\/div>\n\t\t\t\t\t<\/div>\n\t\t<\/div>\n\t\t\t\t\t\t\t\t<\/div>\n\t\t\t\t\t<\/div>\n\t\t<\/section>\n\t\t\t\t<section class=\"elementor-section elementor-top-section elementor-element elementor-element-30cf66c4 elementor-section-boxed elementor-section-height-default elementor-section-height-default\" data-id=\"30cf66c4\" data-element_type=\"section\">\n\t\t\t\t\t\t<div class=\"elementor-container elementor-column-gap-default\">\n\t\t\t\t\t\t\t<div class=\"elementor-row\">\n\t\t\t\t\t<div class=\"elementor-column elementor-col-100 elementor-top-column elementor-element elementor-element-27b2c4c8\" data-id=\"27b2c4c8\" data-element_type=\"column\">\n\t\t\t<div class=\"elementor-column-wrap elementor-element-populated\">\n\t\t\t\t\t\t\t<div class=\"elementor-widget-wrap\">\n\t\t\t\t\t\t<div class=\"elementor-element elementor-element-6ff10001 elementor-widget elementor-widget-heading\" data-id=\"6ff10001\" data-element_type=\"widget\" data-widget_type=\"heading.default\">\n\t\t\t\t<div class=\"elementor-widget-container\">\n\t\t\t<h4 class=\"elementor-heading-title elementor-size-default\">OUR ILLUSTRATIONS<\/h4>\t\t<\/div>\n\t\t\t\t<\/div>\n\t\t\t\t<div class=\"elementor-element elementor-element-1beb7360 elementor-widget-divider--view-line elementor-widget elementor-widget-global elementor-global-1398 elementor-widget-divider\" data-id=\"1beb7360\" data-element_type=\"widget\" data-widget_type=\"divider.default\">\n\t\t\t\t<div class=\"elementor-widget-container\">\n\t\t\t\t\t<div class=\"elementor-divider\">\n\t\t\t<span class=\"elementor-divider-separator\">\n\t\t\t\t\t\t<\/span>\n\t\t<\/div>\n\t\t\t\t<\/div>\n\t\t\t\t<\/div>\n\t\t\t\t\t\t<\/div>\n\t\t\t\t\t<\/div>\n\t\t<\/div>\n\t\t\t\t\t\t\t\t<\/div>\n\t\t\t\t\t<\/div>\n\t\t<\/section>\n\t\t\t\t<section class=\"elementor-section elementor-top-section elementor-element elementor-element-c021c8 elementor-section-boxed elementor-section-height-default elementor-section-height-default\" data-id=\"c021c8\" data-element_type=\"section\">\n\t\t\t\t\t\t<div class=\"elementor-container elementor-column-gap-default\">\n\t\t\t\t\t\t\t<div class=\"elementor-row\">\n\t\t\t\t\t<div class=\"elementor-column elementor-col-100 elementor-top-column elementor-element elementor-element-57921633\" data-id=\"57921633\" data-element_type=\"column\">\n\t\t\t<div class=\"elementor-column-wrap elementor-element-populated\">\n\t\t\t\t\t\t\t<div class=\"elementor-widget-wrap\">\n\t\t\t\t\t\t<div class=\"elementor-element elementor-element-3d15e1f5 elementor-widget elementor-widget-image\" data-id=\"3d15e1f5\" data-element_type=\"widget\" data-widget_type=\"image.default\">\n\t\t\t\t<div class=\"elementor-widget-container\">\n\t\t\t\t\t\t\t\t<div class=\"elementor-image\">\n\t\t\t\t\t\t\t\t\t\t\t\t<img decoding=\"async\" width=\"150\" height=\"150\" src=\"https:\/\/remarker.eu\/wp-content\/uploads\/2019\/04\/remarker-facebook_profil_00bab8-150x150.png\" class=\"attachment-thumbnail size-thumbnail wp-image-1493\" alt=\"\" srcset=\"https:\/\/remarker.eu\/wp-content\/uploads\/2019\/04\/remarker-facebook_profil_00bab8-150x150.png 150w, https:\/\/remarker.eu\/wp-content\/uploads\/2019\/04\/remarker-facebook_profil_00bab8-300x300.png 300w, https:\/\/remarker.eu\/wp-content\/uploads\/2019\/04\/remarker-facebook_profil_00bab8.png 360w\" sizes=\"(max-width: 150px) 100vw, 150px\" \/>\t\t\t\t\t\t\t\t\t\t\t\t\t\t<\/div>\n\t\t\t\t\t\t<\/div>\n\t\t\t\t<\/div>\n\t\t\t\t<div class=\"elementor-element elementor-element-29f22227 elementor-widget elementor-widget-image\" data-id=\"29f22227\" data-element_type=\"widget\" data-widget_type=\"image.default\">\n\t\t\t\t<div class=\"elementor-widget-container\">\n\t\t\t\t\t\t\t\t<div class=\"elementor-image\">\n\t\t\t\t\t\t\t\t\t\t\t\t<img decoding=\"async\" width=\"300\" height=\"71\" src=\"https:\/\/remarker.eu\/wp-content\/uploads\/2019\/04\/remarker_02_00bab8-300x71.png\" class=\"attachment-medium size-medium wp-image-1492\" alt=\"\" srcset=\"https:\/\/remarker.eu\/wp-content\/uploads\/2019\/04\/remarker_02_00bab8-300x71.png 300w, https:\/\/remarker.eu\/wp-content\/uploads\/2019\/04\/remarker_02_00bab8-768x182.png 768w, https:\/\/remarker.eu\/wp-content\/uploads\/2019\/04\/remarker_02_00bab8.png 881w\" sizes=\"(max-width: 300px) 100vw, 300px\" \/>\t\t\t\t\t\t\t\t\t\t\t\t\t\t<\/div>\n\t\t\t\t\t\t<\/div>\n\t\t\t\t<\/div>\n\t\t\t\t\t\t<\/div>\n\t\t\t\t\t<\/div>\n\t\t<\/div>\n\t\t\t\t\t\t\t\t<\/div>\n\t\t\t\t\t<\/div>\n\t\t<\/section>\n\t\t\t\t<section class=\"elementor-section elementor-top-section elementor-element elementor-element-1a7859c7 elementor-section-content-middle elementor-section-boxed elementor-section-height-default elementor-section-height-default\" data-id=\"1a7859c7\" data-element_type=\"section\" data-settings=\"{&quot;background_background&quot;:&quot;classic&quot;}\">\n\t\t\t\t\t\t<div class=\"elementor-container elementor-column-gap-no\">\n\t\t\t\t\t\t\t<div class=\"elementor-row\">\n\t\t\t\t\t<div class=\"elementor-column elementor-col-100 elementor-top-column elementor-element elementor-element-5c33c72\" data-id=\"5c33c72\" data-element_type=\"column\">\n\t\t\t<div class=\"elementor-column-wrap elementor-element-populated\">\n\t\t\t\t\t\t\t<div class=\"elementor-widget-wrap\">\n\t\t\t\t\t\t<div class=\"elementor-element elementor-element-17d79961 elementor-nav-menu__align-center elementor-hidden-tablet elementor-hidden-phone elementor-nav-menu--dropdown-tablet elementor-nav-menu__text-align-aside elementor-widget elementor-widget-nav-menu\" data-id=\"17d79961\" data-element_type=\"widget\" data-settings=\"{&quot;layout&quot;:&quot;horizontal&quot;,&quot;submenu_icon&quot;:{&quot;value&quot;:&quot;&lt;i class=\\&quot;fas fa-caret-down\\&quot;&gt;&lt;\\\/i&gt;&quot;,&quot;library&quot;:&quot;fa-solid&quot;}}\" data-widget_type=\"nav-menu.default\">\n\t\t\t\t<div class=\"elementor-widget-container\">\n\t\t\t\t\t\t<nav class=\"elementor-nav-menu--main elementor-nav-menu__container elementor-nav-menu--layout-horizontal e--pointer-none\">\n\t\t\t\t<ul id=\"menu-1-17d79961\" class=\"elementor-nav-menu\"><li class=\"menu-item menu-item-type-post_type menu-item-object-page menu-item-privacy-policy menu-item-3138\"><a href=\"https:\/\/remarker.eu\/index.php\/adatkezelesi-tajekoztato\/\" class=\"elementor-item\">Privacy Policy<\/a><\/li>\n<li class=\"menu-item menu-item-type-post_type menu-item-object-page menu-item-3145\"><a href=\"https:\/\/remarker.eu\/index.php\/aszf\/\" class=\"elementor-item\">Terms And Conditions<\/a><\/li>\n<\/ul>\t\t\t<\/nav>\n\t\t\t\t\t\t<nav class=\"elementor-nav-menu--dropdown elementor-nav-menu__container\" aria-hidden=\"true\">\n\t\t\t\t<ul id=\"menu-2-17d79961\" class=\"elementor-nav-menu\"><li class=\"menu-item menu-item-type-post_type menu-item-object-page menu-item-privacy-policy menu-item-3138\"><a href=\"https:\/\/remarker.eu\/index.php\/adatkezelesi-tajekoztato\/\" class=\"elementor-item\" tabindex=\"-1\">Privacy Policy<\/a><\/li>\n<li class=\"menu-item menu-item-type-post_type menu-item-object-page menu-item-3145\"><a href=\"https:\/\/remarker.eu\/index.php\/aszf\/\" class=\"elementor-item\" tabindex=\"-1\">Terms And Conditions<\/a><\/li>\n<\/ul>\t\t\t<\/nav>\n\t\t\t\t<\/div>\n\t\t\t\t<\/div>\n\t\t\t\t<div class=\"elementor-element elementor-element-4be3bcf8 elementor-widget elementor-widget-heading\" data-id=\"4be3bcf8\" data-element_type=\"widget\" data-widget_type=\"heading.default\">\n\t\t\t\t<div class=\"elementor-widget-container\">\n\t\t\t<div class=\"elementor-heading-title elementor-size-default\">Copyright 2019 \u00a9 All rights Reserved.<\/div>\t\t<\/div>\n\t\t\t\t<\/div>\n\t\t\t\t\t\t<\/div>\n\t\t\t\t\t<\/div>\n\t\t<\/div>\n\t\t\t\t\t\t\t\t<\/div>\n\t\t\t\t\t<\/div>\n\t\t<\/section>\n\t\t\t\t\t\t\t\t\t<\/div>\n\t\t\t<\/div>\n\t\t\t\t\t<\/div>\n\t\t","protected":false},"excerpt":{"rendered":"<p>Illustration Clever graphics to absorb information at a glance Often a well-formed drawing can really help deliver the message next to, or even instead of complex graphs, long descriptions or never ending lists of items. This drawing can make a difficult topic easier to understand, it can bring the presentation to life or it can [&hellip;]<\/p>\n","protected":false},"author":1,"featured_media":0,"parent":0,"menu_order":0,"comment_status":"closed","ping_status":"closed","template":"","meta":[],"yoast_head":"<!-- This site is optimized with the Yoast SEO plugin v20.4 - https:\/\/yoast.com\/wordpress\/plugins\/seo\/ -->\n<title>Illustration - Remarker<\/title>\n<meta name=\"robots\" content=\"index, follow, max-snippet:-1, max-image-preview:large, max-video-preview:-1\" \/>\n<link rel=\"canonical\" href=\"https:\/\/remarker.eu\/index.php\/illustration\/\" \/>\n<meta property=\"og:locale\" content=\"hu_HU\" \/>\n<meta property=\"og:type\" content=\"article\" \/>\n<meta property=\"og:title\" content=\"Illustration - Remarker\" \/>\n<meta property=\"og:description\" content=\"Illustration Clever graphics to absorb information at a glance Often a well-formed drawing can really help deliver the message next to, or even instead of complex graphs, long descriptions or never ending lists of items. This drawing can make a difficult topic easier to understand, it can bring the presentation to life or it can [&hellip;]\" \/>\n<meta property=\"og:url\" content=\"https:\/\/remarker.eu\/index.php\/illustration\/\" \/>\n<meta property=\"og:site_name\" content=\"Remarker\" \/>\n<meta property=\"article:publisher\" content=\"https:\/\/www.facebook.com\/remarker.eu\" \/>\n<meta property=\"article:modified_time\" content=\"2019-08-12T20:20:15+00:00\" \/>\n<meta property=\"og:image\" content=\"https:\/\/remarker.eu\/wp-content\/uploads\/2019\/04\/illustration.jpg\" \/>\n<meta name=\"twitter:card\" content=\"summary_large_image\" \/>\n<meta name=\"twitter:label1\" content=\"Becs\u00fclt olvas\u00e1si id\u0151\" \/>\n\t<meta name=\"twitter:data1\" content=\"1 perc\" \/>\n<script type=\"application\/ld+json\" class=\"yoast-schema-graph\">{\"@context\":\"https:\/\/schema.org\",\"@graph\":[{\"@type\":\"WebPage\",\"@id\":\"https:\/\/remarker.eu\/index.php\/illustration\/\",\"url\":\"https:\/\/remarker.eu\/index.php\/illustration\/\",\"name\":\"Illustration - Remarker\",\"isPartOf\":{\"@id\":\"https:\/\/remarker.eu\/#website\"},\"datePublished\":\"2019-04-03T10:14:51+00:00\",\"dateModified\":\"2019-08-12T20:20:15+00:00\",\"breadcrumb\":{\"@id\":\"https:\/\/remarker.eu\/index.php\/illustration\/#breadcrumb\"},\"inLanguage\":\"hu\",\"potentialAction\":[{\"@type\":\"ReadAction\",\"target\":[\"https:\/\/remarker.eu\/index.php\/illustration\/\"]}]},{\"@type\":\"BreadcrumbList\",\"@id\":\"https:\/\/remarker.eu\/index.php\/illustration\/#breadcrumb\",\"itemListElement\":[{\"@type\":\"ListItem\",\"position\":1,\"name\":\"Kezd\u0151lap\",\"item\":\"https:\/\/remarker.eu\/\"},{\"@type\":\"ListItem\",\"position\":2,\"name\":\"Illustration\"}]},{\"@type\":\"WebSite\",\"@id\":\"https:\/\/remarker.eu\/#website\",\"url\":\"https:\/\/remarker.eu\/\",\"name\":\"Remarker\",\"description\":\"Graphic Recording\",\"publisher\":{\"@id\":\"https:\/\/remarker.eu\/#organization\"},\"potentialAction\":[{\"@type\":\"SearchAction\",\"target\":{\"@type\":\"EntryPoint\",\"urlTemplate\":\"https:\/\/remarker.eu\/?s={search_term_string}\"},\"query-input\":\"required name=search_term_string\"}],\"inLanguage\":\"hu\"},{\"@type\":\"Organization\",\"@id\":\"https:\/\/remarker.eu\/#organization\",\"name\":\"Remarker\",\"url\":\"https:\/\/remarker.eu\/\",\"logo\":{\"@type\":\"ImageObject\",\"inLanguage\":\"hu\",\"@id\":\"https:\/\/remarker.eu\/#\/schema\/logo\/image\/\",\"url\":\"https:\/\/remarker.eu\/wp-content\/uploads\/2019\/04\/cropped-remarker_02_00bab8-1.png\",\"contentUrl\":\"https:\/\/remarker.eu\/wp-content\/uploads\/2019\/04\/cropped-remarker_02_00bab8-1.png\",\"width\":881,\"height\":209,\"caption\":\"Remarker\"},\"image\":{\"@id\":\"https:\/\/remarker.eu\/#\/schema\/logo\/image\/\"},\"sameAs\":[\"https:\/\/www.facebook.com\/remarker.eu\",\"https:\/\/www.instagram.com\/remarker_eu\/\"]}]}<\/script>\n<!-- \/ Yoast SEO plugin. -->","yoast_head_json":{"title":"Illustration - Remarker","robots":{"index":"index","follow":"follow","max-snippet":"max-snippet:-1","max-image-preview":"max-image-preview:large","max-video-preview":"max-video-preview:-1"},"canonical":"https:\/\/remarker.eu\/index.php\/illustration\/","og_locale":"hu_HU","og_type":"article","og_title":"Illustration - Remarker","og_description":"Illustration Clever graphics to absorb information at a glance Often a well-formed drawing can really help deliver the message next to, or even instead of complex graphs, long descriptions or never ending lists of items. This drawing can make a difficult topic easier to understand, it can bring the presentation to life or it can [&hellip;]","og_url":"https:\/\/remarker.eu\/index.php\/illustration\/","og_site_name":"Remarker","article_publisher":"https:\/\/www.facebook.com\/remarker.eu","article_modified_time":"2019-08-12T20:20:15+00:00","og_image":[{"url":"https:\/\/remarker.eu\/wp-content\/uploads\/2019\/04\/illustration.jpg"}],"twitter_card":"summary_large_image","twitter_misc":{"Becs\u00fclt olvas\u00e1si id\u0151":"1 perc"},"schema":{"@context":"https:\/\/schema.org","@graph":[{"@type":"WebPage","@id":"https:\/\/remarker.eu\/index.php\/illustration\/","url":"https:\/\/remarker.eu\/index.php\/illustration\/","name":"Illustration - Remarker","isPartOf":{"@id":"https:\/\/remarker.eu\/#website"},"datePublished":"2019-04-03T10:14:51+00:00","dateModified":"2019-08-12T20:20:15+00:00","breadcrumb":{"@id":"https:\/\/remarker.eu\/index.php\/illustration\/#breadcrumb"},"inLanguage":"hu","potentialAction":[{"@type":"ReadAction","target":["https:\/\/remarker.eu\/index.php\/illustration\/"]}]},{"@type":"BreadcrumbList","@id":"https:\/\/remarker.eu\/index.php\/illustration\/#breadcrumb","itemListElement":[{"@type":"ListItem","position":1,"name":"Kezd\u0151lap","item":"https:\/\/remarker.eu\/"},{"@type":"ListItem","position":2,"name":"Illustration"}]},{"@type":"WebSite","@id":"https:\/\/remarker.eu\/#website","url":"https:\/\/remarker.eu\/","name":"Remarker","description":"Graphic Recording","publisher":{"@id":"https:\/\/remarker.eu\/#organization"},"potentialAction":[{"@type":"SearchAction","target":{"@type":"EntryPoint","urlTemplate":"https:\/\/remarker.eu\/?s={search_term_string}"},"query-input":"required name=search_term_string"}],"inLanguage":"hu"},{"@type":"Organization","@id":"https:\/\/remarker.eu\/#organization","name":"Remarker","url":"https:\/\/remarker.eu\/","logo":{"@type":"ImageObject","inLanguage":"hu","@id":"https:\/\/remarker.eu\/#\/schema\/logo\/image\/","url":"https:\/\/remarker.eu\/wp-content\/uploads\/2019\/04\/cropped-remarker_02_00bab8-1.png","contentUrl":"https:\/\/remarker.eu\/wp-content\/uploads\/2019\/04\/cropped-remarker_02_00bab8-1.png","width":881,"height":209,"caption":"Remarker"},"image":{"@id":"https:\/\/remarker.eu\/#\/schema\/logo\/image\/"},"sameAs":["https:\/\/www.facebook.com\/remarker.eu","https:\/\/www.instagram.com\/remarker_eu\/"]}]}},"_links":{"self":[{"href":"https:\/\/remarker.eu\/index.php\/wp-json\/wp\/v2\/pages\/1483"}],"collection":[{"href":"https:\/\/remarker.eu\/index.php\/wp-json\/wp\/v2\/pages"}],"about":[{"href":"https:\/\/remarker.eu\/index.php\/wp-json\/wp\/v2\/types\/page"}],"author":[{"embeddable":true,"href":"https:\/\/remarker.eu\/index.php\/wp-json\/wp\/v2\/users\/1"}],"replies":[{"embeddable":true,"href":"https:\/\/remarker.eu\/index.php\/wp-json\/wp\/v2\/comments?post=1483"}],"version-history":[{"count":23,"href":"https:\/\/remarker.eu\/index.php\/wp-json\/wp\/v2\/pages\/1483\/revisions"}],"predecessor-version":[{"id":3240,"href":"https:\/\/remarker.eu\/index.php\/wp-json\/wp\/v2\/pages\/1483\/revisions\/3240"}],"wp:attachment":[{"href":"https:\/\/remarker.eu\/index.php\/wp-json\/wp\/v2\/media?parent=1483"}],"curies":[{"name":"wp","href":"https:\/\/api.w.org\/{rel}","templated":true}]}}